{"id":1501,"date":"2025-06-30T11:44:25","date_gmt":"2025-06-30T09:44:25","guid":{"rendered":"https:\/\/www.metalplasma.it\/cookie-policy\/"},"modified":"2025-06-30T11:44:25","modified_gmt":"2025-06-30T09:44:25","slug":"cookie-policy","status":"publish","type":"page","link":"https:\/\/www.metalplasma.it\/de\/cookie-policy\/","title":{"rendered":"Cookie policy"},"content":{"rendered":"<h3>INFORMATIVA SULL\u2019USO DEI COOKIE<\/h3>\n<p>Questa informativa sull\u2019utilizzo dei cookie sul sito web\u00a0<a href=\"http:\/\/www.metalplasma.it\">www.metalplasma.it<\/a>\u00a0\u00e8 resa all\u2019utente in attuazione del provvedimento del Garante per la protezione dei dati personali dell\u20198 maggio 2014 \u201cIndividuazione delle modalit\u00e0 semplificate per l\u2019informativa e l\u2019acquisizione del consenso per l\u2019uso dei cookie\u201d e nel rispetto dell\u2019art. 13 del Regolamento UE 2016\/679 in materia di protezione di dati personali (Regolamento).<\/p>\n<p>L\u2019informativa \u00e8 predisposta e aggiornata da Metalplasma S.r.l. \u2013 Unipersonale, Via dell\u2019Industria, 19 \u2013 35010 Curtarolo (PD) \u2013 C.F. e P. IVA: IT 01527560286.<\/p>\n<p>Il Titolare del Trattamento ha nominato un responsabile della protezione dei dati personali contattabile all\u2019indirizzo mail: <a href=\"mailto:dpo@metalplasma.it\">dpo@metalplasma.it<\/a><\/p>\n<p>Ogni ulteriore richiesta circa l\u2019utilizzo dei cookie nel presente sito web pu\u00f2 essere inviata all\u2019indirizzo mail\u00a0<a href=\"mailto:privacy@metalplasma.it\">privacy@metalplasma.it<\/a>. Puoi utilizzare lo stesso indirizzo per esercitare in qualsiasi momento i diritti che il Regolamento ti attribuisce in qualit\u00e0 di interessato (art. 15 e ss. del Regolamento UE 2016\/679): ad esempio, accesso, cancellazione, aggiornamento, rettificazione, integrazione, ecc.), nonch\u00e9 per chiedere l\u2019elenco aggiornato dei Responsabili del trattamento eventualmente designati.<\/p>\n<p>I tuoi dati personali sono trattati in ogni caso da specifici soggetti autorizzati dal Titolare e non sono comunicati n\u00e9 diffusi.<\/p>\n<h3>COSA SONO I COOKIE ED A COSA SERVONO<\/h3>\n<p>I cookie sono piccoli file di testo che i siti visitati dall\u2019utente inviano direttamente al suo terminale (solitamente al browser), dove vengono memorizzati per essere poi ritrasmessi agli stessi siti alla successiva visita del medesimo utente (c.d.\u00a0<strong>cookie propri di prima parte<\/strong>). Nel corso della navigazione su un sito, l\u2019utente pu\u00f2 ricevere sul suo terminale anche cookie di siti o di web server diversi (c.d.\u00a0<strong>cookie di terze parti<\/strong>); ci\u00f2 accade perch\u00e9 sul sito web visitato possono essere presenti elementi come, ad esempio, immagini, mappe, suoni, specifici link a pagine web di altri domini che risiedono su server diversi da quello sul quale si trova la pagina richiesta. In altre parole, sono quei cookie che vengono impostati da un sito web diverso da quello che si sta attualmente visitando.<\/p>\n<p>I cookie possono avere una durata limitata ad una singola sessione di navigazione sul browser (<strong>c.d.<\/strong>\u00a0<strong>cookie di sessione<\/strong>), ed in tal caso si disattivano automaticamente al momento della chiusura del browser da parte dell\u2019utente; oppure possono avere una scadenza predeterminata ed, in tal caso, rimarranno memorizzati ed attivi nel tuo hard disk fino a tale data di scadenza, continuando a raccogliere informazioni nel corso di differenti sessioni di navigazione sul browser (<strong>c.d. cookie<\/strong>\u00a0<strong>permanenti<\/strong>) .<\/p>\n<p>I cookie sono utilizzati per diverse funzioni. Alcuni sono necessari per consentirti di navigare sui siti Internet e usufruire delle loro funzionalit\u00e0 (<strong>c.d. Cookie Tecnici o Necessari<\/strong>). Altri sono utilizzati per ottenere informazioni statistiche, in forma aggregata o non, sul numero degli utenti che accedono ai siti Internet e su come tali siti Internet vengono utilizzati (<strong>c.d. Cookie Analytics o Statistici<\/strong>). Altri, infine, sono utilizzati per tracciare un tuo profilo di consumatore e farti visualizzare annunci pubblicitari sui siti Internet che possano essere per te interessanti, in quanto coerenti con i tuoi gusti e le tue abitudini di consumo (<strong>c.d. Cookie di Profilazione o Marketing<\/strong>).<\/p>\n<p>I cookies tecnici possono essere utilizzati senza il preventivo consenso esplicito da parte dell\u2019utente in quanto sono abilitati automaticamente.<\/p>\n<p>Per i cookies di profilazione e di terze parti \u00e8 necessario il consenso espresso dall\u2019utente.<\/p>\n<h3>COME GESTIRE I COOKIE ED OPPORTI AL LORO UTILIZZO<\/h3>\n<p><strong>Cambia le impostazioni del tuo browser<\/strong><\/p>\n<p>Segui le istruzioni fornite dal produttore del browser che utilizzi per scoprire come gestire, disabilitare o cancellare tutti i cookie (tecnici, analytics e di profilazione):<\/p>\n<ul>\n<li>Mozilla Firefox:\u00a0<a href=\"https:\/\/support.mozilla.org\/it\/kb\/protezione-antitracciamento-avanzata-firefox-desktop\" target=\"_blank\" rel=\"noopener\">https:\/\/support.mozilla.org\/it\/kb\/protezione-antitracciamento-avanzata-firefox-desktop<\/a><\/li>\n<li>Google Chrome:\u00a0<a href=\"https:\/\/support.google.com\/chrome\/answer\/95647?hl=it\" target=\"_blank\" rel=\"noopener\">https:\/\/support.google.com\/chrome\/answer\/95647?hl=it<\/a><\/li>\n<li>Microsoft Edge:\u00a0<a href=\"https:\/\/support.microsoft.com\/it-it\/help\/4027947\/microsoft-edge-delete-cookies\" target=\"_blank\" rel=\"noopener\">https:\/\/support.microsoft.com\/it-it\/help\/4027947\/microsoft-edge-delete-cookies<\/a><\/li>\n<li>Microsoft Internet Explorer:\u00a0<a href=\"https:\/\/support.microsoft.com\/it-it\/help\/278835\/how-to-delete-cookie-files-in-internet-explorer\" target=\"_blank\" rel=\"noopener\">https:\/\/support.microsoft.com\/it-it\/help\/278835\/how-to-delete-cookie-files-in-internet-explorer<\/a><\/li>\n<li>Apple Safari:\u00a0<a href=\"https:\/\/support.apple.com\/it-it\/guide\/safari\/sfri11471\/mac\" target=\"_blank\" rel=\"noopener\">https:\/\/support.apple.com\/it-it\/guide\/safari\/sfri11471\/mac<\/a><\/li>\n<li>Altri browser derivati da Cromium (Chromium, Opera, Vivaldi, Brave, Blisk, ecc.): stesse indicazioni come per Google Chrome.<\/li>\n<\/ul>\n<h3><\/h3>\n<h3>FACOLTATIVITA\u2019 DEL CONFERIMENTO DEI DATI<\/h3>\n<p>A parte quanto specificato per i dati di navigazione, l\u2019utente \u00e8 libero di fornire i dati personali di volta in volta richiesti dal sito, ma il loro mancato conferimento pu\u00f2 comportare l\u2019impossibilit\u00e0 di fornire i servizi richiesti.<\/p>\n<h3>SICUREZZA DELLE INFORMAZIONI<\/h3>\n<p>Specifiche misure di sicurezza sono osservate per prevenire la perdita dei dati, usi illeciti o non corretti ed accessi non autorizzati. Si informa comunque che le comunicazioni via internet quali e-mail\/webmail, potrebbero passare attraverso diverse nazioni, prima di essere recapitate ai destinatari. Il presente sito non pu\u00f2 farsi carico della responsabilit\u00e0 di qualsiasi accesso non autorizzato n\u00e9 dello smarrimento delle informazioni personali al di fuori del proprio controllo.<\/p>\n<h3>DIRITTI DEGLI INTERESSATI<\/h3>\n<p>I soggetti cui si riferiscono i dati personali hanno il diritto in qualunque momento di ottenere la conferma dell\u2019esistenza o meno dei medesimi dati e di conoscerne il contenuto e l\u2019origine, verificarne l\u2019esattezza o chiederne l\u2019integrazione o l\u2019aggiornamento, oppure la rettificazione, ai sensi degli artt. 15 e ss. del Reg. UE 2016\/679. Ai sensi del medesimo articolo si ha il diritto di chiedere la cancellazione, la trasformazione in forma anonima o il blocco dei dati trattati in violazione di legge, nonch\u00e9 di opporsi in ogni caso, per motivi legittimi, al loro trattamento, scrivendo al sito.<\/p>\n<h3>MODIFICHE<\/h3>\n<p>Il presente sito si riserva il diritto di modificare o emendare, in qualsiasi momento, la presente Cookie Policy ovunque pubblicata sul sito soprattutto in virt\u00f9 dell\u2019entrata in vigore di nuove normative di settore. Tutti gli utenti potranno verificare in qualsiasi momento collegandosi al sito l\u2019ultima versione della Cookie Policy come di volta in volta aggiornata.<\/p>\n<h3>QUALI COOKIE UTILIZZA QUESTO SITO?<\/h3>\n<p><script id=\"CookieDeclaration\" src=\"https:\/\/consent.cookiebot.com\/3b95dc74-16ba-4c35-8557-b70b6216cde8\/cd.js\" type=\"text\/javascript\" async><\/script><\/p>\n","protected":false},"excerpt":{"rendered":"<p>INFORMATIVA SULL\u2019USO DEI COOKIE Questa informativa sull\u2019utilizzo dei cookie sul sito web\u00a0www.metalplasma.it\u00a0\u00e8 resa all\u2019utente in attuazione del provvedimento del Garante per la protezione dei dati personali dell\u20198 maggio 2014 \u201cIndividuazione delle modalit\u00e0 semplificate per l\u2019informativa e l\u2019acquisizione del consenso per l\u2019uso dei cookie\u201d e nel rispetto dell\u2019art. 13 del Regolamento UE 2016\/679 in materia di [&hellip;]<\/p>\n","protected":false},"author":1,"featured_media":0,"parent":0,"menu_order":0,"comment_status":"closed","ping_status":"closed","template":"","meta":{"_acf_changed":false,"footnotes":""},"class_list":["post-1501","page","type-page","status-publish","hentry"],"acf":[],"_links":{"self":[{"href":"https:\/\/www.metalplasma.it\/de\/wp-json\/wp\/v2\/pages\/1501","targetHints":{"allow":["GET"]}}],"collection":[{"href":"https:\/\/www.metalplasma.it\/de\/wp-json\/wp\/v2\/pages"}],"about":[{"href":"https:\/\/www.metalplasma.it\/de\/wp-json\/wp\/v2\/types\/page"}],"author":[{"embeddable":true,"href":"https:\/\/www.metalplasma.it\/de\/wp-json\/wp\/v2\/users\/1"}],"replies":[{"embeddable":true,"href":"https:\/\/www.metalplasma.it\/de\/wp-json\/wp\/v2\/comments?post=1501"}],"version-history":[{"count":0,"href":"https:\/\/www.metalplasma.it\/de\/wp-json\/wp\/v2\/pages\/1501\/revisions"}],"wp:attachment":[{"href":"https:\/\/www.metalplasma.it\/de\/wp-json\/wp\/v2\/media?parent=1501"}],"curies":[{"name":"wp","href":"https:\/\/api.w.org\/{rel}","templated":true}]}}