{"id":1496,"date":"2025-06-30T11:29:37","date_gmt":"2025-06-30T09:29:37","guid":{"rendered":"https:\/\/www.metalplasma.it\/privacy-policy\/"},"modified":"2025-06-30T11:29:37","modified_gmt":"2025-06-30T09:29:37","slug":"privacy-policy","status":"publish","type":"page","link":"https:\/\/www.metalplasma.it\/en\/privacy-policy\/","title":{"rendered":"Privacy policy"},"content":{"rendered":"<div id=\"content-page\">\n<div id=\"col0\">\n<h3>TITOLARE DEL TRATTAMENTO DEI DATI<\/h3>\n<p>Metalplasma S.r.l. &#8211; Unipersonale, Via dell\u2019Industria, 19 \u2013 35010 Curtarolo (PD) \u2013<br \/>\nC.F. e P. IVA: IT 01527560286<\/p>\n<h3><\/h3>\n<p><\/p>\n<h3>RESPONSABILE DELLA PROTEZIONE DEI DATI PERSONALI<\/h3>\n<p>Il Titolare del Trattamento ha nominato un responsabile del trattamento dei dati personali contattabile all&#8217;indirizzo e-mail:\u00a0<a href=\"mailto:dpo@metalplasma.it\">dpo@metalplasma.it<\/a><br \/>\nA seguito della consultazione di questo sito possono essere trattati dati relativi a persone fisiche e\/o giuridiche identificate o identificabili.<\/p>\n<h3><\/h3>\n<p><\/p>\n<h3>LUOGO DI TRATTAMENTO DEI DATI<\/h3>\n<p>I trattamenti connessi ai servizi web di questo sito hanno luogo presso la predetta sede e sono curati solo da personale incaricato del trattamento, oppure da eventuali incaricati di occasionali operazioni di manutenzione e segreteria. I dati rilasciati potranno essere comunicati a terzi in relazione a servizi svolti per il titolare del trattamento; tali soggetti saranno nominati in base all\u2019art. 28 del Reg. UE 2016\/679 responsabili del trattamento.<\/p>\n<h3><\/h3>\n<p><\/p>\n<h3>TIPOLOGIA DI DATI TRATTATI<\/h3>\n<p><strong>Dati di navigazione<\/strong>: I sistemi informatici e le procedure software preposte al funzionamento di questo sito web acquisiscono, nel corso del loro normale esercizio, alcuni dati personali la cui trasmissione \u00e8 implicita nell\u2019uso dei protocolli di comunicazione di Internet. Si tratta di informazioni che non sono raccolte per essere associate a interessati identificati, ma che per loro stessa natura potrebbero, attraverso elaborazioni ed associazioni con dati detenuti da terzi, permettere di identificare gli utenti. In questa categoria di dati rientrano gli indirizzi IP o i nomi a dominio dei computer utilizzati dagli utenti che si connettono al sito, gli indirizzi in notazione URI (Uniform Resource Identifier) delle risorse richieste, l\u2019orario della richiesta, il metodo utilizzato nel sottoporre la richiesta al server, la dimensione del file ottenuto in risposta, il codice numerico indicante lo stato della risposta data dal server (buon fine, errore, ecc.) ed altri parametri relativi al sistema operativo e all\u2019ambiente informatico dell\u2019utente. Questi dati vengono utilizzati al solo fine di ricavare informazioni statistiche anonime sull\u2019uso del sito e per controllarne il corretto funzionamento e vengono cancellati immediatamente dopo l\u2019elaborazione. I dati potrebbero essere utilizzati per l\u2019accertamento di responsabilit\u00e0 in caso di ipotetici reati informatici ai danni del sito.<\/p>\n<p><strong>Dati forniti volontariamente dall\u2019utente<\/strong>: l\u2019invio facoltativo, esplicito e volontario di posta elettronica agli indirizzi indicati su questo sito comporta la successiva acquisizione dell\u2019indirizzo del mittente, necessario per rispondere alle richieste, nonch\u00e9 degli eventuali altri dati personali nel form contatti. Specifiche informative saranno progressivamente riportate o visualizzate nelle pagine del sito predisposte per particolari servizi a richiesta. I dati personali rilasciati nella sezione contatti saranno utilizzati per procedere ad un successivo contatto telefonico o via mail dell\u2019Azienda interessata a fini di preventivo e di attivit\u00e0 precontrattuali ai sensi dell\u2019art. 6 lett. b) del Reg. UE 2016\/679. E\u2019 invece richiesto il consenso espresso dell\u2019interessato per l\u2019iscrizione al servizio di newsletter e aggiornamento (art. 6, lett. a) del Reg. UE 2016\/679) nonch\u00e8 per comunicazioni personalizzate.<\/p>\n<p><strong>Cookies<\/strong>: Questa sezione dei siti invia ai visitatori alcuni file comunemente noti come cookies. I cookies verranno utilizzati dal browser del computer, esclusivamente per memorizzare le informazioni di sessione dell\u2019utente del sito web. L\u2019uso dei cookies \u00e8 uno standard del settore e i browser li memorizzano in un\u2019apposita cartella. Qualora si preferisca non ricevere i cookies o si desideri esserne preventivamente informati, \u00e8 possibile impostare di conseguenza il proprio browser Web per la navigazione in internet. Si informa per\u00f2 che senza questa funzionalit\u00e0 attiva non \u00e8 possibile accedere correttamente alla sezione forum sui siti dell\u2019Azienda. Per\u00a0ulteriori informazioni sui cookie: <a href=\"https:\/\/www.metalplasma.it\/cookie-policy\/\">Cookie policy<\/a><\/p>\n<h3><\/h3>\n<p><\/p>\n<h3>FACOLTATIVIT\u00c0 DEL CONFERIMENTO DEI DATI<\/h3>\n<p>A parte quanto specificato per i dati di navigazione, l\u2019utente \u00e8 libero di fornire i dati personali riportati nei moduli di richiesta, registrazione area riservata o comunque indicati in contatti. Il loro mancato conferimento pu\u00f2 comportare l\u2019impossibilit\u00e0 di ottenere quanto richiesto. Sar\u00e0 esplicitato nelle informative specifiche quando \u00e8 richiesto il consenso dell\u2019interessato e lo stesso sar\u00e0 informato delle modalit\u00e0 con cui pu\u00f2 revocare un consenso precedentemente espresso.<\/p>\n<h3><\/h3>\n<p><\/p>\n<h3>MODALIT\u00c0 DEL TRATTAMENTO<\/h3>\n<p>I dati personali sono trattati con strumenti informatici per il tempo strettamente necessario a conseguire gli scopi per cui sono stati raccolti, e vengono raffrontati con quelli eventualmente gi\u00e0 in possesso del titolare del trattamento per lo svolgimento di attivit\u00e0 o servizi. In caso di discordanza l\u2019incaricato potr\u00e0 contattare il mittente per verificare l\u2019integrit\u00e0 del dato o provvedere alla sua eventuale correzione. Specifiche misure di sicurezza sono osservate per prevenire la perdita dei dati, usi illeciti o non corretti ed accessi non autorizzati.<\/p>\n<h3><\/h3>\n<p><\/p>\n<h3>ULTERIORI INFORMAZIONI SUL TRATTAMENTO<\/h3>\n<p><strong>Difesa in giudizio<\/strong><br \/>\nI dati personali dell\u2019Utente possono essere utilizzati per la difesa da parte del Titolare in giudizio o nelle fasi propedeutiche alla sua eventuale instaurazione, da abusi nell&#8217;utilizzo della stessa o dei servizi connessi da parte dell\u2019Utente.<br \/>\nL\u2019Utente dichiara di essere consapevole che il Titolare potrebbe essere richiesto di rivelare i dati su richiesta delle pubbliche autorit\u00e0.<\/p>\n<p><strong>Informative specifiche<\/strong><br \/>\nSu richiesta dell\u2019Utente, in aggiunta alle informazioni contenute in questa privacy policy, questo Sito potrebbe fornire all&#8217;Utente delle informative aggiuntive e contestuali riguardanti servizi specifici, o la raccolta ed il trattamento di Dati Personali.<\/p>\n<p><strong>Log di sistema e manutenzione<\/strong><br \/>\nPer necessit\u00e0 legate al funzionamento ed alla manutenzione, questo Sito e gli eventuali servizi terzi da essa utilizzati potrebbero raccogliere Log di sistema, ossia file che registrano le interazioni e che possono contenere anche dati personali, quali l\u2019indirizzo IP Utente.<\/p>\n<p><strong>Periodo di conservazione<\/strong><br \/>\nI dati personali verranno conservati nel rispetto degli obblighi di legge e per quanto strettamente connesso alle finalit\u00e0 dei trattamenti.<\/p>\n<p><strong>Destinatari dei dati<\/strong><br \/>\nI dati personali non verranno diffusi. I dati personali conferiti per acquisto e ordine prodotti possono invece essere comunicati a<\/p>\n<ol start=\"1\" type=\"1\">\n<li>soggetti a cui tale comunicazione deve essere effettuata al fine di adempiere o per esigere l\u2019adempimento di specifici obblighi previsti da leggi, da regolamenti e\/o dalla normativa comunitaria;<\/li>\n<li>le aziende del Gruppo Gabrielli che si occupano del servizio richiesto.<\/li>\n<li>persone fisiche e\/o giuridiche esterne che forniscono servizi strumentali alle attivit\u00e0 del Titolare (es. call center, fornitori, consulenti, societ\u00e0, enti, studi professionali). Tali soggetti opereranno in qualit\u00e0 di responsabili del trattamento.<\/li>\n<\/ol>\n<p><strong>Informazioni non contenute in questa policy<\/strong><br \/>\nMaggiori informazioni in relazione al trattamento dei dati personali potranno essere richieste in qualsiasi momento al Titolare del Trattamento utilizzando le informazioni di contatto.<\/p>\n<h3><\/h3>\n<p><\/p>\n<h3>ESERCIZIO DEI DIRITTI DA PARTE DEGLI UTENTI<\/h3>\n<p>I soggetti cui si riferiscono i dati personali hanno il diritto in qualunque momento di ottenere la conferma dell&#8217;esistenza o meno degli stessi presso il Titolare del Trattamento, di conoscerne il contenuto e l&#8217;origine, di verificarne l&#8217;esattezza o chiederne l\u2019integrazione, la cancellazione, l&#8217;aggiornamento, la rettifica, la trasformazione in forma anonima o il blocco dei dati personali trattati in violazione di legge, nonch\u00e9 di opporsi in ogni caso, per motivi legittimi, al loro trattamento. Le richieste vanno rivolte al Titolare del Trattamento contattabile all\u2019indirizzo mail\u00a0<a href=\"mailto:privacy@metalplasma.it\">privacy@metalplasma.it<\/a> \u00c8 altres\u00ec possibile proporre reclamo all\u2019autorit\u00e0 Garante per la protezione dei dati personali (<a href=\"https:\/\/www.garanteprivacy.it\" target=\"_blank\" rel=\"noopener\">www.garanteprivacy.it<\/a>)<\/p>\n<\/div>\n<\/div>\n","protected":false},"excerpt":{"rendered":"<p>TITOLARE DEL TRATTAMENTO DEI DATI Metalplasma S.r.l. &#8211; Unipersonale, Via dell\u2019Industria, 19 \u2013 35010 Curtarolo (PD) \u2013 C.F. e P. IVA: IT 01527560286 RESPONSABILE DELLA PROTEZIONE DEI DATI PERSONALI Il Titolare del Trattamento ha nominato un responsabile del trattamento dei dati personali contattabile all&#8217;indirizzo e-mail:\u00a0dpo@metalplasma.it A seguito della consultazione di questo sito possono essere trattati [&hellip;]<\/p>\n","protected":false},"author":1,"featured_media":0,"parent":0,"menu_order":0,"comment_status":"closed","ping_status":"closed","template":"","meta":{"_acf_changed":false,"footnotes":""},"class_list":["post-1496","page","type-page","status-publish","hentry"],"acf":[],"_links":{"self":[{"href":"https:\/\/www.metalplasma.it\/en\/wp-json\/wp\/v2\/pages\/1496","targetHints":{"allow":["GET"]}}],"collection":[{"href":"https:\/\/www.metalplasma.it\/en\/wp-json\/wp\/v2\/pages"}],"about":[{"href":"https:\/\/www.metalplasma.it\/en\/wp-json\/wp\/v2\/types\/page"}],"author":[{"embeddable":true,"href":"https:\/\/www.metalplasma.it\/en\/wp-json\/wp\/v2\/users\/1"}],"replies":[{"embeddable":true,"href":"https:\/\/www.metalplasma.it\/en\/wp-json\/wp\/v2\/comments?post=1496"}],"version-history":[{"count":0,"href":"https:\/\/www.metalplasma.it\/en\/wp-json\/wp\/v2\/pages\/1496\/revisions"}],"wp:attachment":[{"href":"https:\/\/www.metalplasma.it\/en\/wp-json\/wp\/v2\/media?parent=1496"}],"curies":[{"name":"wp","href":"https:\/\/api.w.org\/{rel}","templated":true}]}}